{"id":979,"date":"2022-10-05T09:34:47","date_gmt":"2022-10-05T07:34:47","guid":{"rendered":"https:\/\/es-clinic.be\/?page_id=979"},"modified":"2024-10-08T10:06:48","modified_gmt":"2024-10-08T08:06:48","slug":"vetbevriezing","status":"publish","type":"page","link":"https:\/\/es-clinic.be\/fr\/vetbevriezing\/","title":{"rendered":"Cryolipolyse"},"content":{"rendered":"<div data-elementor-type=\"wp-page\" data-elementor-id=\"979\" class=\"elementor elementor-979\" data-elementor-post-type=\"page\">\n\t\t\t\t\t\t<section class=\"elementor-section elementor-top-section elementor-element elementor-element-30a6297 elementor-section-boxed elementor-section-height-default elementor-section-height-default\" data-id=\"30a6297\" data-element_type=\"section\" data-e-type=\"section\" id=\"behandelingen\">\n\t\t\t\t\t\t<div class=\"elementor-container elementor-column-gap-default\">\n\t\t\t\t\t<div class=\"elementor-column elementor-col-100 elementor-top-column elementor-element elementor-element-3796cf4\" data-id=\"3796cf4\" data-element_type=\"column\" data-e-type=\"column\">\n\t\t\t<div class=\"elementor-widget-wrap elementor-element-populated\">\n\t\t\t\t\t\t<div class=\"elementor-element elementor-element-e113b9c elementor-widget elementor-widget-heading\" data-id=\"e113b9c\" data-element_type=\"widget\" data-e-type=\"widget\" data-widget_type=\"heading.default\">\n\t\t\t\t<div class=\"elementor-widget-container\">\n\t\t\t\t\t<h2 class=\"elementor-heading-title elementor-size-default\">ICE SCULPTOR<\/h2>\t\t\t\t<\/div>\n\t\t\t\t<\/div>\n\t\t\t\t<div class=\"elementor-element elementor-element-152f4b8 elementor-widget-divider--view-line elementor-widget elementor-widget-divider\" data-id=\"152f4b8\" data-element_type=\"widget\" data-e-type=\"widget\" data-widget_type=\"divider.default\">\n\t\t\t\t<div class=\"elementor-widget-container\">\n\t\t\t\t\t\t\t<div class=\"elementor-divider\">\n\t\t\t<span class=\"elementor-divider-separator\">\n\t\t\t\t\t\t<\/span>\n\t\t<\/div>\n\t\t\t\t\t\t<\/div>\n\t\t\t\t<\/div>\n\t\t\t\t<div class=\"elementor-element elementor-element-6e33ff3 elementor-widget elementor-widget-text-editor\" data-id=\"6e33ff3\" data-element_type=\"widget\" data-e-type=\"widget\" data-widget_type=\"text-editor.default\">\n\t\t\t\t<div class=\"elementor-widget-container\">\n\t\t\t\t\t\t\t\t\t<div class=\"elementor-element elementor-element-e385d03 elementor-widget elementor-widget-text-editor\" data-id=\"e385d03\" data-element_type=\"widget\" data-widget_type=\"text-editor.default\"><div class=\"elementor-widget-container\"><p>L'Ice Sculptor et Bodyshock de Mesoestetic\u00ae Pharma Group constituent un concept global unique et exclusif pour le traitement non invasif des tissus adipeux localis\u00e9s du corps.<\/p><\/div><\/div>\t\t\t\t\t\t\t\t<\/div>\n\t\t\t\t<\/div>\n\t\t\t\t<div class=\"elementor-element elementor-element-41b51e7 elementor-align-center elementor-widget elementor-widget-button\" data-id=\"41b51e7\" data-element_type=\"widget\" data-e-type=\"widget\" data-widget_type=\"button.default\">\n\t\t\t\t<div class=\"elementor-widget-container\">\n\t\t\t\t\t\t\t\t\t<div class=\"elementor-button-wrapper\">\n\t\t\t\t\t<a class=\"elementor-button elementor-button-link elementor-size-sm elementor-animation-grow\" href=\"https:\/\/app.ibeauty.be\/index.php\/online_reservation\/start\/nl\/p09azupk58uq7y3c\" target=\"_blank\" rel=\"noopener\">\n\t\t\t\t\t\t<span class=\"elementor-button-content-wrapper\">\n\t\t\t\t\t\t\t\t\t<span class=\"elementor-button-text\">PRENDRE UN RENDEZ-VOUS<\/span>\n\t\t\t\t\t<\/span>\n\t\t\t\t\t<\/a>\n\t\t\t\t<\/div>\n\t\t\t\t\t\t\t\t<\/div>\n\t\t\t\t<\/div>\n\t\t\t\t\t<\/div>\n\t\t<\/div>\n\t\t\t\t\t<\/div>\n\t\t<\/section>\n\t\t\t\t<section class=\"elementor-section elementor-top-section elementor-element elementor-element-f3b12b8 elementor-section-boxed elementor-section-height-default elementor-section-height-default\" data-id=\"f3b12b8\" data-element_type=\"section\" data-e-type=\"section\" data-settings=\"{&quot;background_background&quot;:&quot;classic&quot;}\">\n\t\t\t\t\t\t\t<div class=\"elementor-background-overlay\"><\/div>\n\t\t\t\t\t\t\t<div class=\"elementor-container elementor-column-gap-default\">\n\t\t\t\t\t<div class=\"elementor-column elementor-col-100 elementor-top-column elementor-element elementor-element-0b69351\" data-id=\"0b69351\" data-element_type=\"column\" data-e-type=\"column\">\n\t\t\t<div class=\"elementor-widget-wrap elementor-element-populated\">\n\t\t\t\t\t\t<div class=\"elementor-element elementor-element-929786d elementor-widget elementor-widget-heading\" data-id=\"929786d\" data-element_type=\"widget\" data-e-type=\"widget\" data-widget_type=\"heading.default\">\n\t\t\t\t<div class=\"elementor-widget-container\">\n\t\t\t\t\t<h3 class=\"elementor-heading-title elementor-size-default\">L'ALTERNATIVE \u00c0 LA LIPOSUCCION<\/h3>\t\t\t\t<\/div>\n\t\t\t\t<\/div>\n\t\t\t\t<section class=\"elementor-section elementor-inner-section elementor-element elementor-element-e04246f elementor-section-boxed elementor-section-height-default elementor-section-height-default\" data-id=\"e04246f\" data-element_type=\"section\" data-e-type=\"section\">\n\t\t\t\t\t\t<div class=\"elementor-container elementor-column-gap-default\">\n\t\t\t\t\t<div class=\"elementor-column elementor-col-50 elementor-inner-column elementor-element elementor-element-e2b2f12\" data-id=\"e2b2f12\" data-element_type=\"column\" data-e-type=\"column\">\n\t\t\t<div class=\"elementor-widget-wrap elementor-element-populated\">\n\t\t\t\t\t\t<div class=\"elementor-element elementor-element-420222a elementor-widget elementor-widget-image\" data-id=\"420222a\" data-element_type=\"widget\" data-e-type=\"widget\" data-widget_type=\"image.default\">\n\t\t\t\t<div class=\"elementor-widget-container\">\n\t\t\t\t\t\t\t\t\t\t\t\t\t\t\t<img fetchpriority=\"high\" decoding=\"async\" width=\"1179\" height=\"2096\" src=\"https:\/\/es-clinic.be\/wp-content\/uploads\/SOPHIE.jpg\" class=\"attachment-large size-large wp-image-2043\" alt=\",\" srcset=\"https:\/\/es-clinic.be\/wp-content\/uploads\/SOPHIE.jpg 1179w, https:\/\/es-clinic.be\/wp-content\/uploads\/SOPHIE-768x1365.jpg 768w, https:\/\/es-clinic.be\/wp-content\/uploads\/SOPHIE-864x1536.jpg 864w, https:\/\/es-clinic.be\/wp-content\/uploads\/SOPHIE-1152x2048.jpg 1152w, https:\/\/es-clinic.be\/wp-content\/uploads\/SOPHIE-7x12.jpg 7w\" sizes=\"(max-width: 1179px) 100vw, 1179px\" title=\"\">\t\t\t\t\t\t\t\t\t\t\t\t\t\t\t<\/div>\n\t\t\t\t<\/div>\n\t\t\t\t\t<\/div>\n\t\t<\/div>\n\t\t\t\t<div class=\"elementor-column elementor-col-50 elementor-inner-column elementor-element elementor-element-6841a8c\" data-id=\"6841a8c\" data-element_type=\"column\" data-e-type=\"column\">\n\t\t\t<div class=\"elementor-widget-wrap elementor-element-populated\">\n\t\t\t\t\t\t<div class=\"elementor-element elementor-element-3d09fdd elementor-widget elementor-widget-heading\" data-id=\"3d09fdd\" data-element_type=\"widget\" data-e-type=\"widget\" data-widget_type=\"heading.default\">\n\t\t\t\t<div class=\"elementor-widget-container\">\n\t\t\t\t\t<h4 class=\"elementor-heading-title elementor-size-default\">Pour qui le sculpteur de glace est-il la m\u00e9thode id\u00e9ale ?<\/h4>\t\t\t\t<\/div>\n\t\t\t\t<\/div>\n\t\t\t\t<div class=\"elementor-element elementor-element-e85048d elementor-widget elementor-widget-text-editor\" data-id=\"e85048d\" data-element_type=\"widget\" data-e-type=\"widget\" data-widget_type=\"text-editor.default\">\n\t\t\t\t<div class=\"elementor-widget-container\">\n\t\t\t\t\t\t\t\t\t<p>Pour toute personne cherchant \u00e0 remodeler localement sa silhouette et \u00e0 trouver une solution \u00e0 ces d\u00e9p\u00f4ts de graisse disgracieux et ind\u00e9sirables. L'exc\u00e8s de tissu adipeux est une maladie de l'abondance qui pr\u00e9sente un risque important pour la sant\u00e9.<\/p><p>Il existe plusieurs m\u00e9thodes pour s'attaquer \u00e0 la graisse qui se d\u00e9pose pr\u00e9f\u00e9rentiellement sur six parties strat\u00e9giques du corps (jambes, abdomen et flancs, fesses, bras, menton, genoux et seins).&nbsp;<\/p><p>La cryolipolyse est sans aucun doute l'approche la moins invasive et la plus efficace qui produit les plus beaux r\u00e9sultats sur des zones telles que la graisse des hanches, de l'abdomen et du dos, l'Ice Sculptor peut produire des r\u00e9sultats \u00e9tonnants. Une alternative merveilleuse et s\u00fbre \u00e0 une chirurgie majeure telle que la liposuccion !<\/p>\t\t\t\t\t\t\t\t<\/div>\n\t\t\t\t<\/div>\n\t\t\t\t\t<\/div>\n\t\t<\/div>\n\t\t\t\t\t<\/div>\n\t\t<\/section>\n\t\t\t\t<section class=\"elementor-section elementor-inner-section elementor-element elementor-element-f318470 elementor-section-boxed elementor-section-height-default elementor-section-height-default\" data-id=\"f318470\" data-element_type=\"section\" data-e-type=\"section\">\n\t\t\t\t\t\t<div class=\"elementor-container elementor-column-gap-default\">\n\t\t\t\t\t<div class=\"elementor-column elementor-col-50 elementor-inner-column elementor-element elementor-element-a5adaec\" data-id=\"a5adaec\" data-element_type=\"column\" data-e-type=\"column\">\n\t\t\t<div class=\"elementor-widget-wrap elementor-element-populated\">\n\t\t\t\t\t\t<div class=\"elementor-element elementor-element-172d8c8 elementor-widget elementor-widget-heading\" data-id=\"172d8c8\" data-element_type=\"widget\" data-e-type=\"widget\" data-widget_type=\"heading.default\">\n\t\t\t\t<div class=\"elementor-widget-container\">\n\t\t\t\t\t<h4 class=\"elementor-heading-title elementor-size-default\">Comment cela fonctionne-t-il ?<\/h4>\t\t\t\t<\/div>\n\t\t\t\t<\/div>\n\t\t\t\t<div class=\"elementor-element elementor-element-a945c83 elementor-widget elementor-widget-text-editor\" data-id=\"a945c83\" data-element_type=\"widget\" data-e-type=\"widget\" data-widget_type=\"text-editor.default\">\n\t\t\t\t<div class=\"elementor-widget-container\">\n\t\t\t\t\t\t\t\t\t<p>Gr\u00e2ce \u00e0 un refroidissement contr\u00f4l\u00e9, les cellules graisseuses sont refroidies jusqu'\u00e0 ce qu'elles se cristallisent. Par la suite, ces cellules graisseuses sont dissoutes par le m\u00e9tabolisme normal et quittent le corps naturellement.<\/p><p>Pour stimuler ce processus de drainage, il est conseill\u00e9 aux clients de boire beaucoup d'eau et \u00e9ventuellement d'utiliser le sauna et le syst\u00e8me de traitement Cocoon pour se d\u00e9toxifier et \u00e9liminer les d\u00e9chets par la transpiration.<\/p><p>Pour des r\u00e9sultats encore meilleurs et plus rapides, ES Clinic\u00ae travaille avec un concept unique et r\u00e9volutionnaire en compl\u00e9tant les soins avec des produits de soins \u00e0 domicile de la ligne Bodyshock et des compl\u00e9ments alimentaires Mesoestetic\u00ae (r\u00e9ductrices nocturnes, r\u00e9ducteur de graisses, et pilules reductrices)<br \/>-Les produits Bodyshock sont le fruit d'une recherche scientifique approfondie et doivent leur action \u00e0 des principes actifs ultra-concentr\u00e9s.<\/p><p><span style=\"color: var( --e-global-color-c830931 );\">Les ampoules Grascontrol contribuent \u00e0 leur tour \u00e0 acc\u00e9l\u00e9rer le processus de drainage pour \u00e9vacuer plus efficacement les d\u00e9chets et les cellules graisseuses. En combinant ces traitements, on obtient des r\u00e9sultats plus rapides et efficaces et des photos des r\u00e9sultats peuvent \u00eatre prises d\u00e8s trois semaines apr\u00e8s le traitement, ce que les autres appareils cryo ne peuvent obtenir qu'apr\u00e8s deux mois.<\/span><\/p>\t\t\t\t\t\t\t\t<\/div>\n\t\t\t\t<\/div>\n\t\t\t\t\t<\/div>\n\t\t<\/div>\n\t\t\t\t<div class=\"elementor-column elementor-col-50 elementor-inner-column elementor-element elementor-element-34acf51\" data-id=\"34acf51\" data-element_type=\"column\" data-e-type=\"column\">\n\t\t\t<div class=\"elementor-widget-wrap elementor-element-populated\">\n\t\t\t\t\t\t<div class=\"elementor-element elementor-element-9315061 elementor-widget elementor-widget-image\" data-id=\"9315061\" data-element_type=\"widget\" data-e-type=\"widget\" data-widget_type=\"image.default\">\n\t\t\t\t<div class=\"elementor-widget-container\">\n\t\t\t\t\t\t\t\t\t\t\t\t\t\t\t<img decoding=\"async\" width=\"1870\" height=\"1836\" src=\"https:\/\/es-clinic.be\/wp-content\/uploads\/123.jpg.webp\" class=\"attachment-large size-large wp-image-989\" alt=\",\" srcset=\"https:\/\/es-clinic.be\/wp-content\/uploads\/123.jpg.webp 1870w, https:\/\/es-clinic.be\/wp-content\/uploads\/123.jpg-768x754.webp 768w, https:\/\/es-clinic.be\/wp-content\/uploads\/123.jpg-1536x1508.webp 1536w\" sizes=\"(max-width: 1870px) 100vw, 1870px\" title=\"\">\t\t\t\t\t\t\t\t\t\t\t\t\t\t\t<\/div>\n\t\t\t\t<\/div>\n\t\t\t\t\t<\/div>\n\t\t<\/div>\n\t\t\t\t\t<\/div>\n\t\t<\/section>\n\t\t\t\t\t<\/div>\n\t\t<\/div>\n\t\t\t\t\t<\/div>\n\t\t<\/section>\n\t\t\t\t<section class=\"elementor-section elementor-top-section elementor-element elementor-element-12456da elementor-section-boxed elementor-section-height-default elementor-section-height-default\" data-id=\"12456da\" data-element_type=\"section\" data-e-type=\"section\" data-settings=\"{&quot;background_background&quot;:&quot;classic&quot;}\">\n\t\t\t\t\t\t<div class=\"elementor-container elementor-column-gap-default\">\n\t\t\t\t\t<div class=\"elementor-column elementor-col-100 elementor-top-column elementor-element elementor-element-42908dc\" data-id=\"42908dc\" data-element_type=\"column\" data-e-type=\"column\">\n\t\t\t<div class=\"elementor-widget-wrap elementor-element-populated\">\n\t\t\t\t\t\t<div class=\"elementor-element elementor-element-1539ee8 elementor-widget elementor-widget-heading\" data-id=\"1539ee8\" data-element_type=\"widget\" data-e-type=\"widget\" data-widget_type=\"heading.default\">\n\t\t\t\t<div class=\"elementor-widget-container\">\n\t\t\t\t\t<h3 class=\"elementor-heading-title elementor-size-default\">UNIEK &amp; EXCLUSIEF TOTAALCONCEPT<\/h3>\t\t\t\t<\/div>\n\t\t\t\t<\/div>\n\t\t\t\t<div class=\"elementor-element elementor-element-9ef2ff4 elementor-widget-divider--view-line elementor-widget elementor-widget-divider\" data-id=\"9ef2ff4\" data-element_type=\"widget\" data-e-type=\"widget\" data-widget_type=\"divider.default\">\n\t\t\t\t<div class=\"elementor-widget-container\">\n\t\t\t\t\t\t\t<div class=\"elementor-divider\">\n\t\t\t<span class=\"elementor-divider-separator\">\n\t\t\t\t\t\t<\/span>\n\t\t<\/div>\n\t\t\t\t\t\t<\/div>\n\t\t\t\t<\/div>\n\t\t\t\t<section class=\"elementor-section elementor-inner-section elementor-element elementor-element-bed481d elementor-section-boxed elementor-section-height-default elementor-section-height-default\" data-id=\"bed481d\" data-element_type=\"section\" data-e-type=\"section\">\n\t\t\t\t\t\t<div class=\"elementor-container elementor-column-gap-default\">\n\t\t\t\t\t<div class=\"elementor-column elementor-col-50 elementor-inner-column elementor-element elementor-element-1e96256\" data-id=\"1e96256\" data-element_type=\"column\" data-e-type=\"column\">\n\t\t\t<div class=\"elementor-widget-wrap elementor-element-populated\">\n\t\t\t\t\t\t<div class=\"elementor-element elementor-element-32c7012 elementor-widget elementor-widget-image\" data-id=\"32c7012\" data-element_type=\"widget\" data-e-type=\"widget\" data-widget_type=\"image.default\">\n\t\t\t\t<div class=\"elementor-widget-container\">\n\t\t\t\t\t\t\t\t\t\t\t\t\t\t\t<img decoding=\"async\" width=\"1500\" height=\"1500\" src=\"https:\/\/es-clinic.be\/wp-content\/uploads\/E-5.png\" class=\"attachment-large size-large wp-image-374\" alt=\",\" srcset=\"https:\/\/es-clinic.be\/wp-content\/uploads\/E-5.png 1500w, https:\/\/es-clinic.be\/wp-content\/uploads\/E-5-600x600.png 600w, https:\/\/es-clinic.be\/wp-content\/uploads\/E-5-768x768.png 768w\" sizes=\"(max-width: 1500px) 100vw, 1500px\" title=\"\">\t\t\t\t\t\t\t\t\t\t\t\t\t\t\t<\/div>\n\t\t\t\t<\/div>\n\t\t\t\t\t<\/div>\n\t\t<\/div>\n\t\t\t\t<div class=\"elementor-column elementor-col-50 elementor-inner-column elementor-element elementor-element-59dd22e\" data-id=\"59dd22e\" data-element_type=\"column\" data-e-type=\"column\">\n\t\t\t<div class=\"elementor-widget-wrap elementor-element-populated\">\n\t\t\t\t\t\t<div class=\"elementor-element elementor-element-5f63026 elementor-icon-list--layout-traditional elementor-list-item-link-full_width elementor-widget elementor-widget-icon-list\" data-id=\"5f63026\" data-element_type=\"widget\" data-e-type=\"widget\" data-widget_type=\"icon-list.default\">\n\t\t\t\t<div class=\"elementor-widget-container\">\n\t\t\t\t\t\t\t<ul class=\"elementor-icon-list-items\">\n\t\t\t\t\t\t\t<li class=\"elementor-icon-list-item\">\n\t\t\t\t\t\t\t\t\t\t\t<span class=\"elementor-icon-list-icon\">\n\t\t\t\t\t\t\t<i aria-hidden=\"true\" class=\"fas fa-check\"><\/i>\t\t\t\t\t\t<\/span>\n\t\t\t\t\t\t\t\t\t\t<span class=\"elementor-icon-list-text\">Gestion extr\u00eamement efficace des d\u00e9p\u00f4ts graisseux localis\u00e9s<\/span>\n\t\t\t\t\t\t\t\t\t<\/li>\n\t\t\t\t\t\t\t\t<li class=\"elementor-icon-list-item\">\n\t\t\t\t\t\t\t\t\t\t\t<span class=\"elementor-icon-list-icon\">\n\t\t\t\t\t\t\t<i aria-hidden=\"true\" class=\"fas fa-check\"><\/i>\t\t\t\t\t\t<\/span>\n\t\t\t\t\t\t\t\t\t\t<span class=\"elementor-icon-list-text\">Non invasif et indolore gr\u00e2ce aux rayons infrarouges qui chauffe d'abord et refroidit ensuite la peau.<\/span>\n\t\t\t\t\t\t\t\t\t<\/li>\n\t\t\t\t\t\t\t\t<li class=\"elementor-icon-list-item\">\n\t\t\t\t\t\t\t\t\t\t\t<span class=\"elementor-icon-list-icon\">\n\t\t\t\t\t\t\t<i aria-hidden=\"true\" class=\"fas fa-check\"><\/i>\t\t\t\t\t\t<\/span>\n\t\t\t\t\t\t\t\t\t\t<span class=\"elementor-icon-list-text\">Des r\u00e9sultats visibles apr\u00e8s un seul traitement et des r\u00e9sultats remarquables apr\u00e8s 3 semaines gr\u00e2ce au concept gagnant d'ES Clinic\u00ae.<\/span>\n\t\t\t\t\t\t\t\t\t<\/li>\n\t\t\t\t\t\t\t\t<li class=\"elementor-icon-list-item\">\n\t\t\t\t\t\t\t\t\t\t\t<span class=\"elementor-icon-list-icon\">\n\t\t\t\t\t\t\t<i aria-hidden=\"true\" class=\"fas fa-check\"><\/i>\t\t\t\t\t\t<\/span>\n\t\t\t\t\t\t\t\t\t\t<span class=\"elementor-icon-list-text\">Presque tous les d\u00e9p\u00f4ts de graisse du corps peuvent \u00eatre trait\u00e9s (du double menton au dos).<\/span>\n\t\t\t\t\t\t\t\t\t<\/li>\n\t\t\t\t\t\t\t\t<li class=\"elementor-icon-list-item\">\n\t\t\t\t\t\t\t\t\t\t\t<span class=\"elementor-icon-list-icon\">\n\t\t\t\t\t\t\t<i aria-hidden=\"true\" class=\"fas fa-check\"><\/i>\t\t\t\t\t\t<\/span>\n\t\t\t\t\t\t\t\t\t\t<span class=\"elementor-icon-list-text\"> Technologie brevet\u00e9e \u00e0 360\u00b0 dans les 2 pi\u00e8ces \u00e0 main<\/span>\n\t\t\t\t\t\t\t\t\t<\/li>\n\t\t\t\t\t\t\t\t<li class=\"elementor-icon-list-item\">\n\t\t\t\t\t\t\t\t\t\t\t<span class=\"elementor-icon-list-icon\">\n\t\t\t\t\t\t\t<i aria-hidden=\"true\" class=\"fas fa-check\"><\/i>\t\t\t\t\t\t<\/span>\n\t\t\t\t\t\t\t\t\t\t<span class=\"elementor-icon-list-text\"> Excellente satisfaction cliente<\/span>\n\t\t\t\t\t\t\t\t\t<\/li>\n\t\t\t\t\t\t<\/ul>\n\t\t\t\t\t\t<\/div>\n\t\t\t\t<\/div>\n\t\t\t\t\t<\/div>\n\t\t<\/div>\n\t\t\t\t\t<\/div>\n\t\t<\/section>\n\t\t\t\t<div class=\"elementor-element elementor-element-ff6d75f elementor-widget elementor-widget-heading\" data-id=\"ff6d75f\" data-element_type=\"widget\" data-e-type=\"widget\" data-widget_type=\"heading.default\">\n\t\t\t\t<div class=\"elementor-widget-container\">\n\t\t\t\t\t<h4 class=\"elementor-heading-title elementor-size-default\">DES R\u00c9SULTATS UNIQUES :<\/h4>\t\t\t\t<\/div>\n\t\t\t\t<\/div>\n\t\t\t\t<div class=\"elementor-element elementor-element-5ff763f elementor-widget elementor-widget-image-carousel\" data-id=\"5ff763f\" data-element_type=\"widget\" data-e-type=\"widget\" data-settings=\"{&quot;slides_to_show&quot;:&quot;2&quot;,&quot;slides_to_scroll&quot;:&quot;2&quot;,&quot;navigation&quot;:&quot;none&quot;,&quot;autoplay&quot;:&quot;no&quot;,&quot;infinite&quot;:&quot;yes&quot;,&quot;speed&quot;:500}\" data-widget_type=\"image-carousel.default\">\n\t\t\t\t<div class=\"elementor-widget-container\">\n\t\t\t\t\t\t\t<div class=\"elementor-image-carousel-wrapper swiper\" role=\"region\" aria-roledescription=\"carousel\" aria-label=\"Carrousel afbeelding\" dir=\"ltr\">\n\t\t\t<div class=\"elementor-image-carousel swiper-wrapper\" aria-live=\"polite\">\n\t\t\t\t\t\t\t\t<div class=\"swiper-slide\" role=\"group\" aria-roledescription=\"slide\" aria-label=\"1 de 2\"><figure class=\"swiper-slide-inner\"><img decoding=\"async\" class=\"swiper-slide-image\" src=\"https:\/\/es-clinic.be\/wp-content\/uploads\/elementor\/thumbs\/before1-3.png-pvr9x1arzhipdjzx08mn1eml8mlk9x7gmxbqz5m3zs.webp\" alt=\"Avant\" title=\"\"><figcaption class=\"elementor-image-carousel-caption\">Avant<\/figcaption><\/figure><\/div><div class=\"swiper-slide\" role=\"group\" aria-roledescription=\"slide\" aria-label=\"2 de 2\"><figure class=\"swiper-slide-inner\"><img decoding=\"async\" class=\"swiper-slide-image\" src=\"https:\/\/es-clinic.be\/wp-content\/uploads\/elementor\/thumbs\/after1-3.png-pvr9x36gd5la0rx6p9fw6e5ifecapbexb6mpxpjbnc.webp\" alt=\"Apr\u00e8s\" title=\"\"><figcaption class=\"elementor-image-carousel-caption\">Apr\u00e8s<\/figcaption><\/figure><\/div>\t\t\t<\/div>\n\t\t\t\t\t\t\t\n\t\t\t\t\t\t\t\t\t<\/div>\n\t\t\t\t\t\t<\/div>\n\t\t\t\t<\/div>\n\t\t\t\t<div class=\"elementor-element elementor-element-570f6de elementor-align-center elementor-widget elementor-widget-button\" data-id=\"570f6de\" data-element_type=\"widget\" data-e-type=\"widget\" data-widget_type=\"button.default\">\n\t\t\t\t<div class=\"elementor-widget-container\">\n\t\t\t\t\t\t\t\t\t<div class=\"elementor-button-wrapper\">\n\t\t\t\t\t<a class=\"elementor-button elementor-button-link elementor-size-sm elementor-animation-grow\" href=\"https:\/\/app.ibeauty.be\/index.php\/online_reservation\/start\/nl\/p09azupk58uq7y3c\" target=\"_blank\" rel=\"noopener\">\n\t\t\t\t\t\t<span class=\"elementor-button-content-wrapper\">\n\t\t\t\t\t\t\t\t\t<span class=\"elementor-button-text\">PRENDRE UN RENDEZ-VOUS<\/span>\n\t\t\t\t\t<\/span>\n\t\t\t\t\t<\/a>\n\t\t\t\t<\/div>\n\t\t\t\t\t\t\t\t<\/div>\n\t\t\t\t<\/div>\n\t\t\t\t\t<\/div>\n\t\t<\/div>\n\t\t\t\t\t<\/div>\n\t\t<\/section>\n\t\t\t\t<\/div>","protected":false},"excerpt":{"rendered":"<p>ICE SCULPTOR De Ice Sculptor samen met Bodyshock van Mesoestetic\u00ae Pharma Group is een uniek en exclusief totaalconcept voor een niet-invasieve behandeling van het plaatselijk vetweefsel in het lichaam. MAAK EEN AFSPRAAK HET ALTERNATIEF VOOR LIPOSUCTIE Voor wie is de Ice Sculptor de ideale methode? Voor iedereen die zijn of haar silhouet opnieuw plaatselijk vorm [&hellip;]<\/p>\n","protected":false},"author":1,"featured_media":0,"parent":0,"menu_order":0,"comment_status":"closed","ping_status":"closed","template":"elementor_header_footer","meta":{"footnotes":""},"class_list":["post-979","page","type-page","status-publish","hentry"],"_links":{"self":[{"href":"https:\/\/es-clinic.be\/fr\/wp-json\/wp\/v2\/pages\/979","targetHints":{"allow":["GET"]}}],"collection":[{"href":"https:\/\/es-clinic.be\/fr\/wp-json\/wp\/v2\/pages"}],"about":[{"href":"https:\/\/es-clinic.be\/fr\/wp-json\/wp\/v2\/types\/page"}],"author":[{"embeddable":true,"href":"https:\/\/es-clinic.be\/fr\/wp-json\/wp\/v2\/users\/1"}],"replies":[{"embeddable":true,"href":"https:\/\/es-clinic.be\/fr\/wp-json\/wp\/v2\/comments?post=979"}],"version-history":[{"count":27,"href":"https:\/\/es-clinic.be\/fr\/wp-json\/wp\/v2\/pages\/979\/revisions"}],"predecessor-version":[{"id":2055,"href":"https:\/\/es-clinic.be\/fr\/wp-json\/wp\/v2\/pages\/979\/revisions\/2055"}],"wp:attachment":[{"href":"https:\/\/es-clinic.be\/fr\/wp-json\/wp\/v2\/media?parent=979"}],"curies":[{"name":"wp","href":"https:\/\/api.w.org\/{rel}","templated":true}]}}