{"id":934,"date":"2022-10-04T16:19:32","date_gmt":"2022-10-04T14:19:32","guid":{"rendered":"https:\/\/es-clinic.be\/?page_id=934"},"modified":"2022-12-21T12:22:44","modified_gmt":"2022-12-21T11:22:44","slug":"laserontharing","status":"publish","type":"page","link":"https:\/\/es-clinic.be\/fr\/laserontharing\/","title":{"rendered":"\u00c9pilation au laser"},"content":{"rendered":"<div data-elementor-type=\"wp-page\" data-elementor-id=\"934\" class=\"elementor elementor-934\" data-elementor-post-type=\"page\">\n\t\t\t\t\t\t<section class=\"elementor-section elementor-top-section elementor-element elementor-element-e91eda9 elementor-section-boxed elementor-section-height-default elementor-section-height-default\" data-id=\"e91eda9\" data-element_type=\"section\" data-e-type=\"section\" id=\"behandelingen\">\n\t\t\t\t\t\t<div class=\"elementor-container elementor-column-gap-default\">\n\t\t\t\t\t<div class=\"elementor-column elementor-col-100 elementor-top-column elementor-element elementor-element-13642c9\" data-id=\"13642c9\" data-element_type=\"column\" data-e-type=\"column\">\n\t\t\t<div class=\"elementor-widget-wrap elementor-element-populated\">\n\t\t\t\t\t\t<div class=\"elementor-element elementor-element-f9a4704 elementor-widget elementor-widget-heading\" data-id=\"f9a4704\" data-element_type=\"widget\" data-e-type=\"widget\" data-widget_type=\"heading.default\">\n\t\t\t\t<div class=\"elementor-widget-container\">\n\t\t\t\t\t<h1 class=\"elementor-heading-title elementor-size-default\">\u00c9pilation au laser \u00e0 Malines<\/h1>\t\t\t\t<\/div>\n\t\t\t\t<\/div>\n\t\t\t\t<div class=\"elementor-element elementor-element-8932c33 elementor-widget-divider--view-line elementor-widget elementor-widget-divider\" data-id=\"8932c33\" data-element_type=\"widget\" data-e-type=\"widget\" data-widget_type=\"divider.default\">\n\t\t\t\t<div class=\"elementor-widget-container\">\n\t\t\t\t\t\t\t<div class=\"elementor-divider\">\n\t\t\t<span class=\"elementor-divider-separator\">\n\t\t\t\t\t\t<\/span>\n\t\t<\/div>\n\t\t\t\t\t\t<\/div>\n\t\t\t\t<\/div>\n\t\t\t\t<div class=\"elementor-element elementor-element-3b7b56e elementor-widget elementor-widget-text-editor\" data-id=\"3b7b56e\" data-element_type=\"widget\" data-e-type=\"widget\" data-widget_type=\"text-editor.default\">\n\t\t\t\t<div class=\"elementor-widget-container\">\n\t\t\t\t\t\t\t\t\t<div class=\"elementor-element elementor-element-e385d03 elementor-widget elementor-widget-text-editor\" data-id=\"e385d03\" data-element_type=\"widget\" data-widget_type=\"text-editor.default\">\n<div class=\"elementor-widget-container\">\n\nVous souhaitez vous faire \u00e9piler au laser \u00e0 Malines ? Alors, vous pouvez venir \u00e0 l'ES-Clinic. Nous proposons l'\u00e9pilation au laser dans notre clinique de la peau avec le Definitive Plus. Cet appareil offre l'\u00e9pilation la plus compl\u00e8te et d\u00e9finitive du march\u00e9. Venez le tester vous-m\u00eame dans notre clinique de Malines !\n\n<\/div>\n<\/div>\t\t\t\t\t\t\t\t<\/div>\n\t\t\t\t<\/div>\n\t\t\t\t<div class=\"elementor-element elementor-element-2a69808 elementor-align-center elementor-widget elementor-widget-button\" data-id=\"2a69808\" data-element_type=\"widget\" data-e-type=\"widget\" data-widget_type=\"button.default\">\n\t\t\t\t<div class=\"elementor-widget-container\">\n\t\t\t\t\t\t\t\t\t<div class=\"elementor-button-wrapper\">\n\t\t\t\t\t<a class=\"elementor-button elementor-button-link elementor-size-sm elementor-animation-grow\" href=\"https:\/\/app.ibeauty.be\/index.php\/online_reservation\/start\/nl\/p09azupk58uq7y3c\" target=\"_blank\" rel=\"noopener\">\n\t\t\t\t\t\t<span class=\"elementor-button-content-wrapper\">\n\t\t\t\t\t\t\t\t\t<span class=\"elementor-button-text\">PRENDRE UN RENDEZ-VOUS<\/span>\n\t\t\t\t\t<\/span>\n\t\t\t\t\t<\/a>\n\t\t\t\t<\/div>\n\t\t\t\t\t\t\t\t<\/div>\n\t\t\t\t<\/div>\n\t\t\t\t\t<\/div>\n\t\t<\/div>\n\t\t\t\t\t<\/div>\n\t\t<\/section>\n\t\t\t\t<section class=\"elementor-section elementor-top-section elementor-element elementor-element-0a9c34c elementor-section-boxed elementor-section-height-default elementor-section-height-default\" data-id=\"0a9c34c\" data-element_type=\"section\" data-e-type=\"section\" data-settings=\"{&quot;background_background&quot;:&quot;classic&quot;}\">\n\t\t\t\t\t\t\t<div class=\"elementor-background-overlay\"><\/div>\n\t\t\t\t\t\t\t<div class=\"elementor-container elementor-column-gap-default\">\n\t\t\t\t\t<div class=\"elementor-column elementor-col-100 elementor-top-column elementor-element elementor-element-4797471\" data-id=\"4797471\" data-element_type=\"column\" data-e-type=\"column\">\n\t\t\t<div class=\"elementor-widget-wrap elementor-element-populated\">\n\t\t\t\t\t\t<div class=\"elementor-element elementor-element-be2e240 elementor-widget elementor-widget-heading\" data-id=\"be2e240\" data-element_type=\"widget\" data-e-type=\"widget\" data-widget_type=\"heading.default\">\n\t\t\t\t<div class=\"elementor-widget-container\">\n\t\t\t\t\t<h2 class=\"elementor-heading-title elementor-size-default\">L'\u00e9pilation au laser la plus s\u00fbre et la plus compl\u00e8te du march\u00e9 se trouve \u00e0 Malines.<\/h2>\t\t\t\t<\/div>\n\t\t\t\t<\/div>\n\t\t\t\t<section class=\"elementor-section elementor-inner-section elementor-element elementor-element-130a138 elementor-section-boxed elementor-section-height-default elementor-section-height-default\" data-id=\"130a138\" data-element_type=\"section\" data-e-type=\"section\">\n\t\t\t\t\t\t<div class=\"elementor-container elementor-column-gap-default\">\n\t\t\t\t\t<div class=\"elementor-column elementor-col-50 elementor-inner-column elementor-element elementor-element-a6acf64\" data-id=\"a6acf64\" data-element_type=\"column\" data-e-type=\"column\">\n\t\t\t<div class=\"elementor-widget-wrap elementor-element-populated\">\n\t\t\t\t\t\t<div class=\"elementor-element elementor-element-da5af29 elementor-widget elementor-widget-image\" data-id=\"da5af29\" data-element_type=\"widget\" data-e-type=\"widget\" data-widget_type=\"image.default\">\n\t\t\t\t<div class=\"elementor-widget-container\">\n\t\t\t\t\t\t\t\t\t\t\t\t\t\t\t<img fetchpriority=\"high\" decoding=\"async\" width=\"454\" height=\"393\" src=\"https:\/\/es-clinic.be\/wp-content\/uploads\/laserontharing.jpg.webp\" class=\"attachment-large size-large wp-image-940\" alt=\",\" title=\"\">\t\t\t\t\t\t\t\t\t\t\t\t\t\t\t<\/div>\n\t\t\t\t<\/div>\n\t\t\t\t\t<\/div>\n\t\t<\/div>\n\t\t\t\t<div class=\"elementor-column elementor-col-50 elementor-inner-column elementor-element elementor-element-fc701cd\" data-id=\"fc701cd\" data-element_type=\"column\" data-e-type=\"column\">\n\t\t\t<div class=\"elementor-widget-wrap elementor-element-populated\">\n\t\t\t\t\t\t<div class=\"elementor-element elementor-element-5dca65c elementor-widget elementor-widget-text-editor\" data-id=\"5dca65c\" data-element_type=\"widget\" data-e-type=\"widget\" data-widget_type=\"text-editor.default\">\n\t\t\t\t<div class=\"elementor-widget-container\">\n\t\t\t\t\t\t\t\t\t<p>De plus en plus de personnes cherchent des solutions d\u00e9finitives \u00e0 la croissance excessive des poils. Notre <a style=\"text-decoration: underline;\" href=\"https:\/\/es-clinic.be\/fr\/\">clinique m\u00e9dicale de la peau \u00e0 Malines<\/a> a une telle solution en r\u00e9serve pour vous. Le Definitive Plus offre l'\u00e9pilation laser la plus s\u00fbre et la plus compl\u00e8te du march\u00e9 ! Le Definitive Plus est un sublime syst\u00e8me d'\u00e9pilation laser dot\u00e9 de trois longueurs d'onde diff\u00e9rentes, \u00e0 savoir l'Alexandrite 755 nm, la Diode 808 nm et le Yag 1064.<\/p><p>Ainsi, il est possible de traiter n'importe quel type de poils en toute s\u00e9curit\u00e9, rapidement et efficacement, \u00e0 tout moment de l'ann\u00e9e, m\u00eame avec une peau sombre. Les poils fonc\u00e9s ainsi que les poils clairs et fins peuvent \u00eatre trait\u00e9s et \u00e9limin\u00e9s rapidement et efficacement avec cette \u00e9pilation au laser.<\/p><p>La lumi\u00e8re laser p\u00e9n\u00e8tre dans le follicule pileux \u00e0 l'int\u00e9rieur de la peau et l'endommage, emp\u00eachant le poil de repousser ou ralentissant sa croissance future. Ainsi, il conduit finalement \u00e0 un r\u00e9sultat d'\u00e9pilation permanente.\u00a0<\/p>\t\t\t\t\t\t\t\t<\/div>\n\t\t\t\t<\/div>\n\t\t\t\t\t<\/div>\n\t\t<\/div>\n\t\t\t\t\t<\/div>\n\t\t<\/section>\n\t\t\t\t<div class=\"elementor-element elementor-element-a6e3373 elementor-widget elementor-widget-text-editor\" data-id=\"a6e3373\" data-element_type=\"widget\" data-e-type=\"widget\" data-widget_type=\"text-editor.default\">\n\t\t\t\t<div class=\"elementor-widget-container\">\n\t\t\t\t\t\t\t\t\t<p>Gr\u00e2ce \u00e0 sa large gamme de longueurs d'onde, le Definitive Plus offre une solution efficace et durable pour chaque partie du corps :<\/p><ul><li>Sourcils<\/li><li>L\u00e8vre sup\u00e9rieure<\/li><li>Joues<\/li><li>Cuir chevelu<\/li><li>Aisselles<\/li><li>Bras<\/li><li>Jambes<\/li><li>Barbe<\/li><li>Zone pubienne<\/li><li>Dos<\/li><\/ul><p>\u00a0<\/p><p>Ainsi, gr\u00e2ce \u00e0 l'\u00e9pilation au laser dans notre clinique de Malines, tous les poils ind\u00e9sirables appartiennent d\u00e9sormais au pass\u00e9 !<\/p>\t\t\t\t\t\t\t\t<\/div>\n\t\t\t\t<\/div>\n\t\t\t\t<div class=\"elementor-element elementor-element-5e9074b elementor-widget elementor-widget-heading\" data-id=\"5e9074b\" data-element_type=\"widget\" data-e-type=\"widget\" data-widget_type=\"heading.default\">\n\t\t\t\t<div class=\"elementor-widget-container\">\n\t\t\t\t\t<h2 class=\"elementor-heading-title elementor-size-default\">Le sp\u00e9cialiste de la peau et des poils<\/h2>\t\t\t\t<\/div>\n\t\t\t\t<\/div>\n\t\t\t\t<div class=\"elementor-element elementor-element-932bfe2 elementor-widget elementor-widget-text-editor\" data-id=\"932bfe2\" data-element_type=\"widget\" data-e-type=\"widget\" data-widget_type=\"text-editor.default\">\n\t\t\t\t<div class=\"elementor-widget-container\">\n\t\t\t\t\t\t\t\t\t<p>Dans notre clinique de Malines, nous faisons \u00e9galement <span style=\"text-decoration: underline;\"><a href=\"https:\/\/es-clinic.be\/fr\/huidverbetering-mechelen\/\">am\u00e9lioration de la peau<\/a> <\/span>et le rajeunissement de la peau. Vous pouvez donc venir nous voir en plus de votre \u00e9pilation laser, par exemple, votre <span style=\"text-decoration: underline;\"><a href=\"https:\/\/es-clinic.be\/fr\/littekens-behandelen-mechelen\/\">faire traiter les cicatrices<\/a><\/span> ou traiter d'autres irr\u00e9gularit\u00e9s. Nous r\u00e9alisons \u00e9galement <span style=\"text-decoration: underline;\"><a href=\"https:\/\/es-clinic.be\/fr\/huidanalyse-mechelen\/\">une analyse de la peau<\/a><\/span> pour d\u00e9tecter et \u00e9viter les \u00e9ventuelles affections cutan\u00e9es le plus t\u00f4t possible. Ou bien, vous souhaitez faire traiter les d\u00e9p\u00f4ts graisseux ind\u00e9sirables avec le <span style=\"text-decoration: underline;\"><a href=\"https:\/\/es-clinic.be\/fr\/ice-sculptor\/\">Ice Sculptor<\/a><\/span>? Vous pouvez vous adresser \u00e0 nous pour cela aussi. En bref, pour une peau et un corps sains, beaux et lisses, vous \u00eates entre de bonnes mains chez nous, <a href=\"https:\/\/es-clinic.be\/fr\/huidspecialist-mechelen\/\">Sp\u00e9cialiste de la peau \u00e0 Mechelen<\/a>!<\/p>\t\t\t\t\t\t\t\t<\/div>\n\t\t\t\t<\/div>\n\t\t\t\t<div class=\"elementor-element elementor-element-f1e4fc6 elementor-widget elementor-widget-heading\" data-id=\"f1e4fc6\" data-element_type=\"widget\" data-e-type=\"widget\" data-widget_type=\"heading.default\">\n\t\t\t\t<div class=\"elementor-widget-container\">\n\t\t\t\t\t<h3 class=\"elementor-heading-title elementor-size-default\">Programmez votre \u00e9pilation au laser maintenant <\/h3>\t\t\t\t<\/div>\n\t\t\t\t<\/div>\n\t\t\t\t<div class=\"elementor-element elementor-element-6acbbc1 elementor-widget elementor-widget-text-editor\" data-id=\"6acbbc1\" data-element_type=\"widget\" data-e-type=\"widget\" data-widget_type=\"text-editor.default\">\n\t\t\t\t<div class=\"elementor-widget-container\">\n\t\t\t\t\t\t\t\t\t<p>Vous souhaitez prendre rendez-vous avec nous \u00e0 Malines pour votre \u00e9pilation au laser ? Alors, contactez-nous au <span style=\"text-decoration: underline;\"><a href=\"tel:003215262626\">015262626<\/a><\/span>l'email <span style=\"text-decoration: underline;\"><a href=\"mailto:info@es-clinic.be\">info@es-clinic.be<\/a><\/span> ou <span style=\"text-decoration: underline;\"><a href=\"https:\/\/es-clinic.be\/fr\/contact\/\">notre formulaire de contact en ligne<\/a><\/span>. Notre clinique se trouve \u00e0 deux pas de la gare de Malines-Nekkerspoel, ce qui vous permet de nous rejoindre facilement, m\u00eame depuis le reste de la province, voire Bruxelles. Venez nous rendre visite bient\u00f4t !<\/p>\t\t\t\t\t\t\t\t<\/div>\n\t\t\t\t<\/div>\n\t\t\t\t\t<\/div>\n\t\t<\/div>\n\t\t\t\t\t<\/div>\n\t\t<\/section>\n\t\t\t\t<section class=\"elementor-section elementor-top-section elementor-element elementor-element-24c9ea7 elementor-section-boxed elementor-section-height-default elementor-section-height-default\" data-id=\"24c9ea7\" data-element_type=\"section\" data-e-type=\"section\" data-settings=\"{&quot;background_background&quot;:&quot;classic&quot;}\">\n\t\t\t\t\t\t<div class=\"elementor-container elementor-column-gap-default\">\n\t\t\t\t\t<div class=\"elementor-column elementor-col-100 elementor-top-column elementor-element elementor-element-03f22bc\" data-id=\"03f22bc\" data-element_type=\"column\" data-e-type=\"column\">\n\t\t\t<div class=\"elementor-widget-wrap elementor-element-populated\">\n\t\t\t\t\t\t<div class=\"elementor-element elementor-element-7dbbefd elementor-widget elementor-widget-heading\" data-id=\"7dbbefd\" data-element_type=\"widget\" data-e-type=\"widget\" data-widget_type=\"heading.default\">\n\t\t\t\t<div class=\"elementor-widget-container\">\n\t\t\t\t\t<h3 class=\"elementor-heading-title elementor-size-default\">UNIEK &amp; EXCLUSIEF TOTAALCONCEPT<\/h3>\t\t\t\t<\/div>\n\t\t\t\t<\/div>\n\t\t\t\t<div class=\"elementor-element elementor-element-0b070f5 elementor-widget-divider--view-line elementor-widget elementor-widget-divider\" data-id=\"0b070f5\" data-element_type=\"widget\" data-e-type=\"widget\" data-widget_type=\"divider.default\">\n\t\t\t\t<div class=\"elementor-widget-container\">\n\t\t\t\t\t\t\t<div class=\"elementor-divider\">\n\t\t\t<span class=\"elementor-divider-separator\">\n\t\t\t\t\t\t<\/span>\n\t\t<\/div>\n\t\t\t\t\t\t<\/div>\n\t\t\t\t<\/div>\n\t\t\t\t<section class=\"elementor-section elementor-inner-section elementor-element elementor-element-fef5325 elementor-section-boxed elementor-section-height-default elementor-section-height-default\" data-id=\"fef5325\" data-element_type=\"section\" data-e-type=\"section\">\n\t\t\t\t\t\t<div class=\"elementor-container elementor-column-gap-default\">\n\t\t\t\t\t<div class=\"elementor-column elementor-col-50 elementor-inner-column elementor-element elementor-element-3550b58\" data-id=\"3550b58\" data-element_type=\"column\" data-e-type=\"column\">\n\t\t\t<div class=\"elementor-widget-wrap elementor-element-populated\">\n\t\t\t\t\t\t<div class=\"elementor-element elementor-element-2af5953 elementor-widget elementor-widget-image\" data-id=\"2af5953\" data-element_type=\"widget\" data-e-type=\"widget\" data-widget_type=\"image.default\">\n\t\t\t\t<div class=\"elementor-widget-container\">\n\t\t\t\t\t\t\t\t\t\t\t\t\t\t\t<img decoding=\"async\" width=\"1500\" height=\"1500\" src=\"https:\/\/es-clinic.be\/wp-content\/uploads\/E-5.png\" class=\"attachment-large size-large wp-image-374\" alt=\",\" srcset=\"https:\/\/es-clinic.be\/wp-content\/uploads\/E-5.png 1500w, https:\/\/es-clinic.be\/wp-content\/uploads\/E-5-600x600.png 600w, https:\/\/es-clinic.be\/wp-content\/uploads\/E-5-768x768.png 768w\" sizes=\"(max-width: 1500px) 100vw, 1500px\" title=\"\">\t\t\t\t\t\t\t\t\t\t\t\t\t\t\t<\/div>\n\t\t\t\t<\/div>\n\t\t\t\t\t<\/div>\n\t\t<\/div>\n\t\t\t\t<div class=\"elementor-column elementor-col-50 elementor-inner-column elementor-element elementor-element-388eef7\" data-id=\"388eef7\" data-element_type=\"column\" data-e-type=\"column\">\n\t\t\t<div class=\"elementor-widget-wrap elementor-element-populated\">\n\t\t\t\t\t\t<div class=\"elementor-element elementor-element-b31e9c7 elementor-icon-list--layout-traditional elementor-list-item-link-full_width elementor-widget elementor-widget-icon-list\" data-id=\"b31e9c7\" data-element_type=\"widget\" data-e-type=\"widget\" data-widget_type=\"icon-list.default\">\n\t\t\t\t<div class=\"elementor-widget-container\">\n\t\t\t\t\t\t\t<ul class=\"elementor-icon-list-items\">\n\t\t\t\t\t\t\t<li class=\"elementor-icon-list-item\">\n\t\t\t\t\t\t\t\t\t\t\t<span class=\"elementor-icon-list-icon\">\n\t\t\t\t\t\t\t<i aria-hidden=\"true\" class=\"fas fa-check\"><\/i>\t\t\t\t\t\t<\/span>\n\t\t\t\t\t\t\t\t\t\t<span class=\"elementor-icon-list-text\">95% r\u00e9duction des poils de plus de 80% sur la zone trait\u00e9e<\/span>\n\t\t\t\t\t\t\t\t\t<\/li>\n\t\t\t\t\t\t\t\t<li class=\"elementor-icon-list-item\">\n\t\t\t\t\t\t\t\t\t\t\t<span class=\"elementor-icon-list-icon\">\n\t\t\t\t\t\t\t<i aria-hidden=\"true\" class=\"fas fa-check\"><\/i>\t\t\t\t\t\t<\/span>\n\t\t\t\t\t\t\t\t\t\t<span class=\"elementor-icon-list-text\"> Une r\u00e9duction de la pousse des poils de 30 \u00e0 50% apr\u00e8s seulement 1 ou 2 s\u00e9ances<\/span>\n\t\t\t\t\t\t\t\t\t<\/li>\n\t\t\t\t\t\t\t\t<li class=\"elementor-icon-list-item\">\n\t\t\t\t\t\t\t\t\t\t\t<span class=\"elementor-icon-list-icon\">\n\t\t\t\t\t\t\t<i aria-hidden=\"true\" class=\"fas fa-check\"><\/i>\t\t\t\t\t\t<\/span>\n\t\t\t\t\t\t\t\t\t\t<span class=\"elementor-icon-list-text\">Professionnel et quasi indolore gr\u00e2ce \u00e0 la poign\u00e9e Cooler Handle<\/span>\n\t\t\t\t\t\t\t\t\t<\/li>\n\t\t\t\t\t\t\t\t<li class=\"elementor-icon-list-item\">\n\t\t\t\t\t\t\t\t\t\t\t<span class=\"elementor-icon-list-icon\">\n\t\t\t\t\t\t\t<i aria-hidden=\"true\" class=\"fas fa-check\"><\/i>\t\t\t\t\t\t<\/span>\n\t\t\t\t\t\t\t\t\t\t<span class=\"elementor-icon-list-text\">Rapide : une r\u00e9duction du temps de traitement allant jusqu'\u00e0 45%.<\/span>\n\t\t\t\t\t\t\t\t\t<\/li>\n\t\t\t\t\t\t<\/ul>\n\t\t\t\t\t\t<\/div>\n\t\t\t\t<\/div>\n\t\t\t\t\t<\/div>\n\t\t<\/div>\n\t\t\t\t\t<\/div>\n\t\t<\/section>\n\t\t\t\t<div class=\"elementor-element elementor-element-c49c7a9 elementor-widget elementor-widget-heading\" data-id=\"c49c7a9\" data-element_type=\"widget\" data-e-type=\"widget\" data-widget_type=\"heading.default\">\n\t\t\t\t<div class=\"elementor-widget-container\">\n\t\t\t\t\t<h4 class=\"elementor-heading-title elementor-size-default\">DES R\u00c9SULTATS UNIQUES :<\/h4>\t\t\t\t<\/div>\n\t\t\t\t<\/div>\n\t\t\t\t<div class=\"elementor-element elementor-element-94b23e1 elementor-widget elementor-widget-image-carousel\" data-id=\"94b23e1\" data-element_type=\"widget\" data-e-type=\"widget\" data-settings=\"{&quot;slides_to_show&quot;:&quot;2&quot;,&quot;slides_to_scroll&quot;:&quot;2&quot;,&quot;navigation&quot;:&quot;none&quot;,&quot;autoplay&quot;:&quot;no&quot;,&quot;infinite&quot;:&quot;yes&quot;,&quot;speed&quot;:500}\" data-widget_type=\"image-carousel.default\">\n\t\t\t\t<div class=\"elementor-widget-container\">\n\t\t\t\t\t\t\t<div class=\"elementor-image-carousel-wrapper swiper\" role=\"region\" aria-roledescription=\"carousel\" aria-label=\"Carrousel afbeelding\" dir=\"ltr\">\n\t\t\t<div class=\"elementor-image-carousel swiper-wrapper\" aria-live=\"polite\">\n\t\t\t\t\t\t\t\t<div class=\"swiper-slide\" role=\"group\" aria-roledescription=\"slide\" aria-label=\"1 de 2\"><figure class=\"swiper-slide-inner\"><img decoding=\"async\" class=\"swiper-slide-image\" src=\"https:\/\/es-clinic.be\/wp-content\/uploads\/elementor\/thumbs\/before1-2.png-pvr7ujl8d5jna278zjg0xpcigbrd9gh9e83gsq2b3s.webp\" alt=\"Avant\" title=\"\"><figcaption class=\"elementor-image-carousel-caption\">Avant<\/figcaption><\/figure><\/div><div class=\"swiper-slide\" role=\"group\" aria-roledescription=\"slide\" aria-label=\"2 de 2\"><figure class=\"swiper-slide-inner\"><img decoding=\"async\" class=\"swiper-slide-image\" src=\"https:\/\/es-clinic.be\/wp-content\/uploads\/elementor\/thumbs\/after1-2.png-pvr7uine6bicyg8m511ed7l1uxw01rdj23fzbg3pa0.webp\" alt=\"Apr\u00e8s\" title=\"\"><figcaption class=\"elementor-image-carousel-caption\">Apr\u00e8s<\/figcaption><\/figure><\/div>\t\t\t<\/div>\n\t\t\t\t\t\t\t\n\t\t\t\t\t\t\t\t\t<\/div>\n\t\t\t\t\t\t<\/div>\n\t\t\t\t<\/div>\n\t\t\t\t<div class=\"elementor-element elementor-element-bd1f673 elementor-align-center elementor-widget elementor-widget-button\" data-id=\"bd1f673\" data-element_type=\"widget\" data-e-type=\"widget\" data-widget_type=\"button.default\">\n\t\t\t\t<div class=\"elementor-widget-container\">\n\t\t\t\t\t\t\t\t\t<div class=\"elementor-button-wrapper\">\n\t\t\t\t\t<a class=\"elementor-button elementor-button-link elementor-size-sm elementor-animation-grow\" href=\"https:\/\/agenda.mya-agenda.be\/t\/c\/ZXZNNFo5QnBPMGJYQ3JrZndDRlEzblBrbGpwNTd4VnZCT1ZXRk1pSytiemUzV2RjcHdaSXFaZDlsMHNzSmJmMFVzMXV1MDlPejRWRXI0WC81U0lNcjQ3dXJ2UnZwdWhxS2NuR1VnZ05LNS9OUUN6UHFJRWlBQT09\" target=\"_blank\" rel=\"noopener\">\n\t\t\t\t\t\t<span class=\"elementor-button-content-wrapper\">\n\t\t\t\t\t\t\t\t\t<span class=\"elementor-button-text\">PRENDRE UN RENDEZ-VOUS<\/span>\n\t\t\t\t\t<\/span>\n\t\t\t\t\t<\/a>\n\t\t\t\t<\/div>\n\t\t\t\t\t\t\t\t<\/div>\n\t\t\t\t<\/div>\n\t\t\t\t\t<\/div>\n\t\t<\/div>\n\t\t\t\t\t<\/div>\n\t\t<\/section>\n\t\t\t\t<\/div>","protected":false},"excerpt":{"rendered":"<p>Laserontharing in mechelen Wilt u graag een laserontharing laten uitvoeren in Mechelen? Dan kunt u terecht bij ES-Clinic. Wij bieden in onze huidkliniek een laserontharing aan met de Definitive Plus. Dit apparaat biedt de meest volledige en definitieve ontharing op de markt. Kom het zelf uittesten in onze kliniek in Mechelen! MAAK EEN AFSPRAAK De [&hellip;]<\/p>\n","protected":false},"author":1,"featured_media":0,"parent":0,"menu_order":0,"comment_status":"closed","ping_status":"closed","template":"elementor_header_footer","meta":{"footnotes":""},"class_list":["post-934","page","type-page","status-publish","hentry"],"_links":{"self":[{"href":"https:\/\/es-clinic.be\/fr\/wp-json\/wp\/v2\/pages\/934","targetHints":{"allow":["GET"]}}],"collection":[{"href":"https:\/\/es-clinic.be\/fr\/wp-json\/wp\/v2\/pages"}],"about":[{"href":"https:\/\/es-clinic.be\/fr\/wp-json\/wp\/v2\/types\/page"}],"author":[{"embeddable":true,"href":"https:\/\/es-clinic.be\/fr\/wp-json\/wp\/v2\/users\/1"}],"replies":[{"embeddable":true,"href":"https:\/\/es-clinic.be\/fr\/wp-json\/wp\/v2\/comments?post=934"}],"version-history":[{"count":20,"href":"https:\/\/es-clinic.be\/fr\/wp-json\/wp\/v2\/pages\/934\/revisions"}],"predecessor-version":[{"id":1723,"href":"https:\/\/es-clinic.be\/fr\/wp-json\/wp\/v2\/pages\/934\/revisions\/1723"}],"wp:attachment":[{"href":"https:\/\/es-clinic.be\/fr\/wp-json\/wp\/v2\/media?parent=934"}],"curies":[{"name":"wp","href":"https:\/\/api.w.org\/{rel}","templated":true}]}}