{"id":1106,"date":"2022-10-05T15:00:24","date_gmt":"2022-10-05T13:00:24","guid":{"rendered":"https:\/\/es-clinic.be\/?page_id=1106"},"modified":"2025-01-20T14:27:27","modified_gmt":"2025-01-20T13:27:27","slug":"artsen","status":"publish","type":"page","link":"https:\/\/es-clinic.be\/fr\/artsen\/","title":{"rendered":"Equipe ES"},"content":{"rendered":"<div data-elementor-type=\"wp-page\" data-elementor-id=\"1106\" class=\"elementor elementor-1106\" data-elementor-post-type=\"page\">\n\t\t\t\t\t\t<section class=\"elementor-section elementor-top-section elementor-element elementor-element-b79d661 elementor-section-boxed elementor-section-height-default elementor-section-height-default\" data-id=\"b79d661\" data-element_type=\"section\" data-e-type=\"section\" id=\"behandelingen\">\n\t\t\t\t\t\t<div class=\"elementor-container elementor-column-gap-default\">\n\t\t\t\t\t<div class=\"elementor-column elementor-col-100 elementor-top-column elementor-element elementor-element-0d26ee6\" data-id=\"0d26ee6\" data-element_type=\"column\" data-e-type=\"column\">\n\t\t\t<div class=\"elementor-widget-wrap elementor-element-populated\">\n\t\t\t\t\t\t<div class=\"elementor-element elementor-element-395174c elementor-widget elementor-widget-heading\" data-id=\"395174c\" data-element_type=\"widget\" data-e-type=\"widget\" data-widget_type=\"heading.default\">\n\t\t\t\t<div class=\"elementor-widget-container\">\n\t\t\t\t\t<h3 class=\"elementor-heading-title elementor-size-default\">NOTRE \u00c9QUIPE<\/h3>\t\t\t\t<\/div>\n\t\t\t\t<\/div>\n\t\t\t\t<section class=\"elementor-section elementor-inner-section elementor-element elementor-element-e3d4389 elementor-section-boxed elementor-section-height-default elementor-section-height-default\" data-id=\"e3d4389\" data-element_type=\"section\" data-e-type=\"section\">\n\t\t\t\t\t\t<div class=\"elementor-container elementor-column-gap-default\">\n\t\t\t\t\t<div class=\"elementor-column elementor-col-50 elementor-inner-column elementor-element elementor-element-7cb9033\" data-id=\"7cb9033\" data-element_type=\"column\" data-e-type=\"column\">\n\t\t\t<div class=\"elementor-widget-wrap elementor-element-populated\">\n\t\t\t\t\t\t<div class=\"elementor-element elementor-element-1de1e88 elementor-widget elementor-widget-heading\" data-id=\"1de1e88\" data-element_type=\"widget\" data-e-type=\"widget\" data-widget_type=\"heading.default\">\n\t\t\t\t<div class=\"elementor-widget-container\">\n\t\t\t\t\t<h3 class=\"elementor-heading-title elementor-size-default\">BINNENKORT STAAT HIER EEN LEUKE VACATURE VOOR JOU<\/h3>\t\t\t\t<\/div>\n\t\t\t\t<\/div>\n\t\t\t\t<div class=\"elementor-element elementor-element-99f9361 elementor-hidden-desktop elementor-hidden-tablet elementor-hidden-mobile elementor-widget elementor-widget-text-editor\" data-id=\"99f9361\" data-element_type=\"widget\" data-e-type=\"widget\" data-widget_type=\"text-editor.default\">\n\t\t\t\t<div class=\"elementor-widget-container\">\n\t\t\t\t\t\t\t\t\t<p>Emmanuel Van Den Broeck a obtenu son dipl\u00f4me d'infirmier en 2010. Il a ensuite imm\u00e9diatement commenc\u00e9 \u00e0 travailler dans le service de cardiologie de l'h\u00f4pital Middelheim \u00e0 Wilrijk.<\/p><p>Depuis 2011, il travailla aux soins intensifs et aux urgences de Middelheim.<\/p><p>En 2012, il a fait un grand changement de carri\u00e8re vers les soins infirmiers \u00e0 domicile. C'est ainsi qu'il a cr\u00e9\u00e9 son propre service de soins infirmiers \u00e0 domicile \"Equipe de soins De Mann\".<\/p><p>Actuellement, Emmanuel travaille toujours dans les services d'urgence de l'H\u00f4pital de l'Europe \u00e0 Bruxelles.<\/p><p>Depuis 2015, il a d\u00e9velopp\u00e9 un \u00e9norme int\u00e9r\u00eat pour les tatouages m\u00e9dicaux. Il s'est ainsi form\u00e9 en dermatographe. Il souhaite notamment se concentrer sur les patient(e)s\/client(e)s souffrant de handicaps physiques. Ses r\u00e9sultats sont incroyables.<\/p><p>Le maquillage de Permamete est \u00e9galement l'une de ses sp\u00e9cialit\u00e9s.<\/p><p>Depuis 2018, il suit des formations et des cours de sp\u00e9cialisation en soin anti-\u00e2ge. Il est un as de l'analyse de la peau et de l'\u00e9laboration plan de soins personnalis\u00e9 qui vous convient le mieux. Avec d'excellents r\u00e9sultats.<\/p><p>Il s'est \u00e9galement sp\u00e9cialis\u00e9 dans le lifting au plasma, la th\u00e9rapie cryothermique et l'\u00e9pilation permanente au laser.<\/p><p>Emmanuel se r\u00e9jouit de vous accueillir \u00e0 la clinique ES afin de travailler avec vous pour trouver le meilleur traitement.<\/p>\t\t\t\t\t\t\t\t<\/div>\n\t\t\t\t<\/div>\n\t\t\t\t\t<\/div>\n\t\t<\/div>\n\t\t\t\t<div class=\"elementor-column elementor-col-50 elementor-inner-column elementor-element elementor-element-24f8417\" data-id=\"24f8417\" data-element_type=\"column\" data-e-type=\"column\">\n\t\t\t<div class=\"elementor-widget-wrap elementor-element-populated\">\n\t\t\t\t\t\t<div class=\"elementor-element elementor-element-57b8077 elementor-widget elementor-widget-image\" data-id=\"57b8077\" data-element_type=\"widget\" data-e-type=\"widget\" data-widget_type=\"image.default\">\n\t\t\t\t<div class=\"elementor-widget-container\">\n\t\t\t\t\t\t\t\t\t\t\t\t\t\t\t<img fetchpriority=\"high\" decoding=\"async\" width=\"341\" height=\"148\" src=\"https:\/\/es-clinic.be\/wp-content\/uploads\/VACATURE.jpg\" class=\"attachment-large size-large wp-image-2038\" alt=\",\" srcset=\"https:\/\/es-clinic.be\/wp-content\/uploads\/VACATURE.jpg 341w, https:\/\/es-clinic.be\/wp-content\/uploads\/VACATURE-18x8.jpg 18w\" sizes=\"(max-width: 341px) 100vw, 341px\" title=\"\">\t\t\t\t\t\t\t\t\t\t\t\t\t\t\t<\/div>\n\t\t\t\t<\/div>\n\t\t\t\t\t<\/div>\n\t\t<\/div>\n\t\t\t\t\t<\/div>\n\t\t<\/section>\n\t\t\t\t<section class=\"elementor-section elementor-inner-section elementor-element elementor-element-94023c8 elementor-section-boxed elementor-section-height-default elementor-section-height-default\" data-id=\"94023c8\" data-element_type=\"section\" data-e-type=\"section\">\n\t\t\t\t\t\t<div class=\"elementor-container elementor-column-gap-default\">\n\t\t\t\t\t<div class=\"elementor-column elementor-col-50 elementor-inner-column elementor-element elementor-element-afbdd62\" data-id=\"afbdd62\" data-element_type=\"column\" data-e-type=\"column\">\n\t\t\t<div class=\"elementor-widget-wrap elementor-element-populated\">\n\t\t\t\t\t\t<div class=\"elementor-element elementor-element-311dd5d elementor-widget elementor-widget-image\" data-id=\"311dd5d\" data-element_type=\"widget\" data-e-type=\"widget\" data-widget_type=\"image.default\">\n\t\t\t\t<div class=\"elementor-widget-container\">\n\t\t\t\t\t\t\t\t\t\t\t\t\t\t\t<img decoding=\"async\" width=\"1024\" height=\"1536\" src=\"https:\/\/es-clinic.be\/wp-content\/uploads\/es_clinic_02_00015.jpg\" class=\"attachment-large size-large wp-image-225\" alt=\",\" srcset=\"https:\/\/es-clinic.be\/wp-content\/uploads\/es_clinic_02_00015.jpg 1024w, https:\/\/es-clinic.be\/wp-content\/uploads\/es_clinic_02_00015-768x1152.jpg 768w\" sizes=\"(max-width: 1024px) 100vw, 1024px\" title=\"\">\t\t\t\t\t\t\t\t\t\t\t\t\t\t\t<\/div>\n\t\t\t\t<\/div>\n\t\t\t\t\t<\/div>\n\t\t<\/div>\n\t\t\t\t<div class=\"elementor-column elementor-col-50 elementor-inner-column elementor-element elementor-element-a2515ad\" data-id=\"a2515ad\" data-element_type=\"column\" data-e-type=\"column\">\n\t\t\t<div class=\"elementor-widget-wrap elementor-element-populated\">\n\t\t\t\t\t\t<div class=\"elementor-element elementor-element-ada873c elementor-widget elementor-widget-heading\" data-id=\"ada873c\" data-element_type=\"widget\" data-e-type=\"widget\" data-widget_type=\"heading.default\">\n\t\t\t\t<div class=\"elementor-widget-container\">\n\t\t\t\t\t<h3 class=\"elementor-heading-title elementor-size-default\">sophie, experte en dermatologie<\/h3>\t\t\t\t<\/div>\n\t\t\t\t<\/div>\n\t\t\t\t<div class=\"elementor-element elementor-element-b92cb1d elementor-widget elementor-widget-text-editor\" data-id=\"b92cb1d\" data-element_type=\"widget\" data-e-type=\"widget\" data-widget_type=\"text-editor.default\">\n\t\t\t\t<div class=\"elementor-widget-container\">\n\t\t\t\t\t\t\t\t\t<p>Sophie Janssens a obtenu en 2001 le dipl\u00f4me d'infirmi\u00e8re A1, sp\u00e9cialis\u00e9e dans les urgences et les soins intensifs, \u00e0 la Haute \u00e9cole provinciale d'Anvers.<\/p><p>Elle a termin\u00e9 ses \u00e9tudes avec hautes distinctions.\u00a0<\/p><p>En 2001, elle a commenc\u00e9 \u00e0 l'H\u00f4pital Saint-Vincent d'Anvers o\u00f9 elle s'est sp\u00e9cialis\u00e9e au SMUR et les urgences pendant 7 ans sous la direction du Dr Druwe.<\/p><p>En 2008, elle a poursuivi son travail \u00e0 l'Hopital Universitaire d'Anvers (Edegem).<\/p><p>O\u00f9, pendant sept ans, elle a particip\u00e9 activement \u00e0 l'\u00e9quipe V - med fond\u00e9e par le Prof Beaucourt \u00e0 l'\u00e9poque.<\/p><p>Elle a ainsi eu l'occasion de se former m\u00eame dans des situations de crise et de participer activement \u00e0 l'aide humanitaire. Cause qu'elle garde toujours dans son c\u0153ur.<\/p><p>En 2015, elle a op\u00e9r\u00e9 un grand changement de carri\u00e8re vers les soins infirmiers \u00e0 domicile. D'abord sous la direction de Johan Vrijdaghs et plus tard, elle est devenue elle-m\u00eame coordinatrice de notre groupe de soins \u00e0 domicile \u00e0 Malines.\u00a0<\/p><p>Ces derni\u00e8res ann\u00e9es, elle a d\u00e9velopp\u00e9 un vif int\u00e9r\u00eat pour la beaut\u00e9, tant int\u00e9rieure qu'ext\u00e9rieure. \"Prendre soin de soi\" est devenu son nouveau slogan.<\/p><p>Zij volgde trainingen om zich verder te kunnen ontplooien als specialist in anti \u2013 aging en huidverjonging. Goedlachs en enthousiast \u2013 altijd klaar voor een leuke babbel\u2026<\/p><p>\u00e9pilation permamente, analyse de la peau, acn\u00e9, pigmentation, rosac\u00e9e, .........<\/p><p>Sophie est convaincue que chaque personne est unique et que pour chacune, un parcours diff\u00e9rent est n\u00e9cessaire. Elle vous accueille \u00e0 la clinique ES pour un premier rendez-vous.<\/p><p>\u00a0<\/p>\t\t\t\t\t\t\t\t<\/div>\n\t\t\t\t<\/div>\n\t\t\t\t\t<\/div>\n\t\t<\/div>\n\t\t\t\t\t<\/div>\n\t\t<\/section>\n\t\t\t\t<section class=\"elementor-section elementor-inner-section elementor-element elementor-element-b5c9a33 elementor-hidden-desktop elementor-hidden-tablet elementor-hidden-mobile elementor-section-boxed elementor-section-height-default elementor-section-height-default\" data-id=\"b5c9a33\" data-element_type=\"section\" data-e-type=\"section\">\n\t\t\t\t\t\t<div class=\"elementor-container elementor-column-gap-default\">\n\t\t\t\t\t<div class=\"elementor-column elementor-col-50 elementor-inner-column elementor-element elementor-element-8a258c8\" data-id=\"8a258c8\" data-element_type=\"column\" data-e-type=\"column\">\n\t\t\t<div class=\"elementor-widget-wrap elementor-element-populated\">\n\t\t\t\t\t\t<div class=\"elementor-element elementor-element-6a69aa0 elementor-widget elementor-widget-heading\" data-id=\"6a69aa0\" data-element_type=\"widget\" data-e-type=\"widget\" data-widget_type=\"heading.default\">\n\t\t\t\t<div class=\"elementor-widget-container\">\n\t\t\t\t\t<h3 class=\"elementor-heading-title elementor-size-default\">DOCTEUR PIESSENS<\/h3>\t\t\t\t<\/div>\n\t\t\t\t<\/div>\n\t\t\t\t<div class=\"elementor-element elementor-element-bfc73be elementor-widget elementor-widget-text-editor\" data-id=\"bfc73be\" data-element_type=\"widget\" data-e-type=\"widget\" data-widget_type=\"text-editor.default\">\n\t\t\t\t<div class=\"elementor-widget-container\">\n\t\t\t\t\t\t\t\t\t<p>Le docteur Stijn Piessens (\u00b014\/06\/1979) a obtenu avec distinction en 2005 son dipl\u00f4me de Master en m\u00e9decine \u00e0 l'Universit\u00e9 d'Anvers. D\u00e9j\u00e0 au cours de sa formation et de sa carri\u00e8re de m\u00e9decin g\u00e9n\u00e9raliste, il s'est plong\u00e9 dans les possibilit\u00e9s et les techniques de la m\u00e9decine esth\u00e9tique.<\/p><p>Son expertise m\u00e9dicale sous-jacente lui permet d'obtenir des r\u00e9sultats exceptionnels en mati\u00e8re de traitements esth\u00e9tiques. Il vous guide dans votre parcours esth\u00e9tique de mani\u00e8re chaleureuse et professionnelle.<\/p>\t\t\t\t\t\t\t\t<\/div>\n\t\t\t\t<\/div>\n\t\t\t\t\t<\/div>\n\t\t<\/div>\n\t\t\t\t<div class=\"elementor-column elementor-col-50 elementor-inner-column elementor-element elementor-element-8bc71fc\" data-id=\"8bc71fc\" data-element_type=\"column\" data-e-type=\"column\">\n\t\t\t<div class=\"elementor-widget-wrap elementor-element-populated\">\n\t\t\t\t\t\t<div class=\"elementor-element elementor-element-0db7904 elementor-widget elementor-widget-image\" data-id=\"0db7904\" data-element_type=\"widget\" data-e-type=\"widget\" data-widget_type=\"image.default\">\n\t\t\t\t<div class=\"elementor-widget-container\">\n\t\t\t\t\t\t\t\t\t\t\t\t\t\t\t<img decoding=\"async\" width=\"1080\" height=\"1080\" src=\"https:\/\/es-clinic.be\/wp-content\/uploads\/Sans-titre-6.png.webp\" class=\"attachment-large size-large wp-image-1108\" alt=\",\" srcset=\"https:\/\/es-clinic.be\/wp-content\/uploads\/Sans-titre-6.png.webp 1080w, https:\/\/es-clinic.be\/wp-content\/uploads\/Sans-titre-6.png-600x600.webp 600w, https:\/\/es-clinic.be\/wp-content\/uploads\/Sans-titre-6.png-768x768.webp 768w\" sizes=\"(max-width: 1080px) 100vw, 1080px\" title=\"\">\t\t\t\t\t\t\t\t\t\t\t\t\t\t\t<\/div>\n\t\t\t\t<\/div>\n\t\t\t\t\t<\/div>\n\t\t<\/div>\n\t\t\t\t\t<\/div>\n\t\t<\/section>\n\t\t\t\t\t<\/div>\n\t\t<\/div>\n\t\t\t\t\t<\/div>\n\t\t<\/section>\n\t\t\t\t<section class=\"elementor-section elementor-top-section elementor-element elementor-element-bc77e21 elementor-section-boxed elementor-section-height-default elementor-section-height-default\" data-id=\"bc77e21\" data-element_type=\"section\" data-e-type=\"section\" data-settings=\"{&quot;background_background&quot;:&quot;classic&quot;}\">\n\t\t\t\t\t\t\t<div class=\"elementor-background-overlay\"><\/div>\n\t\t\t\t\t\t\t<div class=\"elementor-container elementor-column-gap-default\">\n\t\t\t\t\t<div class=\"elementor-column elementor-col-100 elementor-top-column elementor-element elementor-element-bcdbcd1\" data-id=\"bcdbcd1\" data-element_type=\"column\" data-e-type=\"column\">\n\t\t\t<div class=\"elementor-widget-wrap elementor-element-populated\">\n\t\t\t\t\t\t<div class=\"elementor-element elementor-element-d0cb65d elementor-widget elementor-widget-heading\" data-id=\"d0cb65d\" data-element_type=\"widget\" data-e-type=\"widget\" data-widget_type=\"heading.default\">\n\t\t\t\t<div class=\"elementor-widget-container\">\n\t\t\t\t\t<h3 class=\"elementor-heading-title elementor-size-default\">SOORTEN BEHANDELINGEN &amp; PRIJZEN<\/h3>\t\t\t\t<\/div>\n\t\t\t\t<\/div>\n\t\t\t\t<div class=\"elementor-element elementor-element-c02b22c elementor-widget elementor-widget-toggle\" data-id=\"c02b22c\" data-element_type=\"widget\" data-e-type=\"widget\" data-widget_type=\"toggle.default\">\n\t\t\t\t<div class=\"elementor-widget-container\">\n\t\t\t\t\t\t\t<div class=\"elementor-toggle\">\n\t\t\t\t\t\t\t<div class=\"elementor-toggle-item\">\n\t\t\t\t\t<div id=\"elementor-tab-title-2011\" class=\"elementor-tab-title\" data-tab=\"1\" role=\"button\" aria-controls=\"elementor-tab-content-2011\" aria-expanded=\"false\">\n\t\t\t\t\t\t\t\t\t\t\t\t<span class=\"elementor-toggle-icon elementor-toggle-icon-left\" aria-hidden=\"true\">\n\t\t\t\t\t\t\t\t\t\t\t\t\t\t\t<span class=\"elementor-toggle-icon-closed\"><i class=\"fas fa-caret-right\"><\/i><\/span>\n\t\t\t\t\t\t\t\t<span class=\"elementor-toggle-icon-opened\"><i class=\"elementor-toggle-icon-opened fas fa-caret-up\"><\/i><\/span>\n\t\t\t\t\t\t\t\t\t\t\t\t\t<\/span>\n\t\t\t\t\t\t\t\t\t\t\t\t<a class=\"elementor-toggle-title\" tabindex=\"0\">TRAITEMENT DES RIDES<\/a>\n\t\t\t\t\t<\/div>\n\n\t\t\t\t\t<div id=\"elementor-tab-content-2011\" class=\"elementor-tab-content elementor-clearfix\" data-tab=\"1\" role=\"region\" aria-labelledby=\"elementor-tab-title-2011\"><p>1 ZONE - \u20ac 115<\/p><p>2 ZONES - \u20ac 190<\/p><p>3 ZONES - \u20ac270<\/p><\/div>\n\t\t\t\t<\/div>\n\t\t\t\t\t\t\t<div class=\"elementor-toggle-item\">\n\t\t\t\t\t<div id=\"elementor-tab-title-2012\" class=\"elementor-tab-title\" data-tab=\"2\" role=\"button\" aria-controls=\"elementor-tab-content-2012\" aria-expanded=\"false\">\n\t\t\t\t\t\t\t\t\t\t\t\t<span class=\"elementor-toggle-icon elementor-toggle-icon-left\" aria-hidden=\"true\">\n\t\t\t\t\t\t\t\t\t\t\t\t\t\t\t<span class=\"elementor-toggle-icon-closed\"><i class=\"fas fa-caret-right\"><\/i><\/span>\n\t\t\t\t\t\t\t\t<span class=\"elementor-toggle-icon-opened\"><i class=\"elementor-toggle-icon-opened fas fa-caret-up\"><\/i><\/span>\n\t\t\t\t\t\t\t\t\t\t\t\t\t<\/span>\n\t\t\t\t\t\t\t\t\t\t\t\t<a class=\"elementor-toggle-title\" tabindex=\"0\">TRANSPIRATION EXCESSIVE<\/a>\n\t\t\t\t\t<\/div>\n\n\t\t\t\t\t<div id=\"elementor-tab-content-2012\" class=\"elementor-tab-content elementor-clearfix\" data-tab=\"2\" role=\"region\" aria-labelledby=\"elementor-tab-title-2012\"><p>TRAITEMENT DE LA TRANSPIRATION EXCESSIVE<\/p><p>\u20ac 440<\/p><\/div>\n\t\t\t\t<\/div>\n\t\t\t\t\t\t\t<div class=\"elementor-toggle-item\">\n\t\t\t\t\t<div id=\"elementor-tab-title-2013\" class=\"elementor-tab-title\" data-tab=\"3\" role=\"button\" aria-controls=\"elementor-tab-content-2013\" aria-expanded=\"false\">\n\t\t\t\t\t\t\t\t\t\t\t\t<span class=\"elementor-toggle-icon elementor-toggle-icon-left\" aria-hidden=\"true\">\n\t\t\t\t\t\t\t\t\t\t\t\t\t\t\t<span class=\"elementor-toggle-icon-closed\"><i class=\"fas fa-caret-right\"><\/i><\/span>\n\t\t\t\t\t\t\t\t<span class=\"elementor-toggle-icon-opened\"><i class=\"elementor-toggle-icon-opened fas fa-caret-up\"><\/i><\/span>\n\t\t\t\t\t\t\t\t\t\t\t\t\t<\/span>\n\t\t\t\t\t\t\t\t\t\t\t\t<a class=\"elementor-toggle-title\" tabindex=\"0\">GRINCEMENT DES DENTS &amp; R\u00c9TR\u00c9CISSEMENT DE LA M\u00c2CHOIRE<\/a>\n\t\t\t\t\t<\/div>\n\n\t\t\t\t\t<div id=\"elementor-tab-content-2013\" class=\"elementor-tab-content elementor-clearfix\" data-tab=\"3\" role=\"region\" aria-labelledby=\"elementor-tab-title-2013\"><p>TRAITEMENT DU GRINCEMENT DES DENTS ET\/OU DU R\u00c9TR\u00c9CISSEMENT DE LA M\u00c2CHOIRE<\/p><p>\u20ac 230<\/p><\/div>\n\t\t\t\t<\/div>\n\t\t\t\t\t\t\t<div class=\"elementor-toggle-item\">\n\t\t\t\t\t<div id=\"elementor-tab-title-2014\" class=\"elementor-tab-title\" data-tab=\"4\" role=\"button\" aria-controls=\"elementor-tab-content-2014\" aria-expanded=\"false\">\n\t\t\t\t\t\t\t\t\t\t\t\t<span class=\"elementor-toggle-icon elementor-toggle-icon-left\" aria-hidden=\"true\">\n\t\t\t\t\t\t\t\t\t\t\t\t\t\t\t<span class=\"elementor-toggle-icon-closed\"><i class=\"fas fa-caret-right\"><\/i><\/span>\n\t\t\t\t\t\t\t\t<span class=\"elementor-toggle-icon-opened\"><i class=\"elementor-toggle-icon-opened fas fa-caret-up\"><\/i><\/span>\n\t\t\t\t\t\t\t\t\t\t\t\t\t<\/span>\n\t\t\t\t\t\t\t\t\t\t\t\t<a class=\"elementor-toggle-title\" tabindex=\"0\">FORME<\/a>\n\t\t\t\t\t<\/div>\n\n\t\t\t\t\t<div id=\"elementor-tab-content-2014\" class=\"elementor-tab-content elementor-clearfix\" data-tab=\"4\" role=\"region\" aria-labelledby=\"elementor-tab-title-2014\"><p>AUGMENTATION DES L\u00c8VRES<\/p><p>1 CC - \u20ac 255<\/p><p>CERNES<\/p><p>1 CC - \u20ac305<\/p><p>CORRECTION NASALE<\/p><p>1 CC - \u20ac305<\/p><p>SILLON NASOG\u00c9NIEN<\/p><p>1 CC - \u20ac 235<\/p><\/div>\n\t\t\t\t<\/div>\n\t\t\t\t\t\t\t<div class=\"elementor-toggle-item\">\n\t\t\t\t\t<div id=\"elementor-tab-title-2015\" class=\"elementor-tab-title\" data-tab=\"5\" role=\"button\" aria-controls=\"elementor-tab-content-2015\" aria-expanded=\"false\">\n\t\t\t\t\t\t\t\t\t\t\t\t<span class=\"elementor-toggle-icon elementor-toggle-icon-left\" aria-hidden=\"true\">\n\t\t\t\t\t\t\t\t\t\t\t\t\t\t\t<span class=\"elementor-toggle-icon-closed\"><i class=\"fas fa-caret-right\"><\/i><\/span>\n\t\t\t\t\t\t\t\t<span class=\"elementor-toggle-icon-opened\"><i class=\"elementor-toggle-icon-opened fas fa-caret-up\"><\/i><\/span>\n\t\t\t\t\t\t\t\t\t\t\t\t\t<\/span>\n\t\t\t\t\t\t\t\t\t\t\t\t<a class=\"elementor-toggle-title\" tabindex=\"0\">LIFTING<\/a>\n\t\t\t\t\t<\/div>\n\n\t\t\t\t\t<div id=\"elementor-tab-content-2015\" class=\"elementor-tab-content elementor-clearfix\" data-tab=\"5\" role=\"region\" aria-labelledby=\"elementor-tab-title-2015\"><p><strong>HAPPY LIFT<\/strong> &#8211; \u20ac 765<\/p><p><strong>LIFTING LIQUIDE<\/strong><\/p><p>3 CC HA \u20ac 640<\/p><p>2 CC HA \u20ac 495<\/p><p>1 CC HA \u20ac 255<\/p><p><strong>LIFTING DE LA MACHOIRE<\/strong><\/p><p>3 CC HA \u20ac 640<\/p><p>2 CC HA \u20ac 495<\/p><p>1 CC HA \u20ac 255<\/p><p><strong>VAMPIRE FACELIFT<\/strong><\/p><div class=\"elementor-price-list-header\"><p>\u20ac 370\u00a0<\/p><p>POUR UNE CROISSANCE R\u00c9DUITE DES CHEVEUX \u20ac 270 PAR TRAITEMENT<\/p><\/div><div><div class=\"elementor-price-list-text\"><p class=\"elementor-price-list-description\">(TVA INCLUSE 21%)<\/p><\/div><\/div><\/div>\n\t\t\t\t<\/div>\n\t\t\t\t\t\t\t\t<\/div>\n\t\t\t\t\t\t<\/div>\n\t\t\t\t<\/div>\n\t\t\t\t\t<\/div>\n\t\t<\/div>\n\t\t\t\t\t<\/div>\n\t\t<\/section>\n\t\t\t\t<section class=\"elementor-section elementor-top-section elementor-element elementor-element-46ace53 elementor-section-boxed elementor-section-height-default elementor-section-height-default\" data-id=\"46ace53\" data-element_type=\"section\" data-e-type=\"section\">\n\t\t\t\t\t\t<div class=\"elementor-container elementor-column-gap-default\">\n\t\t\t\t\t<div class=\"elementor-column elementor-col-100 elementor-top-column elementor-element elementor-element-e711557\" data-id=\"e711557\" data-element_type=\"column\" data-e-type=\"column\">\n\t\t\t<div class=\"elementor-widget-wrap elementor-element-populated\">\n\t\t\t\t\t\t<div class=\"elementor-element elementor-element-1742b78 elementor-widget elementor-widget-heading\" data-id=\"1742b78\" data-element_type=\"widget\" data-e-type=\"widget\" data-widget_type=\"heading.default\">\n\t\t\t\t<div class=\"elementor-widget-container\">\n\t\t\t\t\t<h2 class=\"elementor-heading-title elementor-size-default\">CONTACTEZ-NOUS PAR T\u00c9L\u00c9PHONE POUR UN RENDEZ-VOUS<\/h2>\t\t\t\t<\/div>\n\t\t\t\t<\/div>\n\t\t\t\t<div class=\"elementor-element elementor-element-c4d101d elementor-align-center elementor-widget elementor-widget-button\" data-id=\"c4d101d\" data-element_type=\"widget\" data-e-type=\"widget\" data-widget_type=\"button.default\">\n\t\t\t\t<div class=\"elementor-widget-container\">\n\t\t\t\t\t\t\t\t\t<div class=\"elementor-button-wrapper\">\n\t\t\t\t\t<a class=\"elementor-button elementor-button-link elementor-size-sm elementor-animation-grow\" href=\"tel:015%2026%2026%2026\">\n\t\t\t\t\t\t<span class=\"elementor-button-content-wrapper\">\n\t\t\t\t\t\t\t\t\t<span class=\"elementor-button-text\"> 015 26 26 26<\/span>\n\t\t\t\t\t<\/span>\n\t\t\t\t\t<\/a>\n\t\t\t\t<\/div>\n\t\t\t\t\t\t\t\t<\/div>\n\t\t\t\t<\/div>\n\t\t\t\t\t<\/div>\n\t\t<\/div>\n\t\t\t\t\t<\/div>\n\t\t<\/section>\n\t\t\t\t<\/div>","protected":false},"excerpt":{"rendered":"<p>ONS TEAM BINNENKORT STAAT HIER EEN LEUKE VACATURE VOOR JOU Emmanuel Van Den Broeck studeerde af als verpleegkundige in 2010. Waarna hij onmiddellijk startte op de dienst cardiologie in het Middelheim ziekenhuis te Wilrijk. Vanaf 2011 was hij actief op intensieve zorgen en spoedgevallen Middelheim. In 2012 maakte hij een grote carierreswitch richting de thuisverpleging. [&hellip;]<\/p>\n","protected":false},"author":1,"featured_media":0,"parent":0,"menu_order":0,"comment_status":"closed","ping_status":"closed","template":"elementor_header_footer","meta":{"footnotes":""},"class_list":["post-1106","page","type-page","status-publish","hentry"],"_links":{"self":[{"href":"https:\/\/es-clinic.be\/fr\/wp-json\/wp\/v2\/pages\/1106","targetHints":{"allow":["GET"]}}],"collection":[{"href":"https:\/\/es-clinic.be\/fr\/wp-json\/wp\/v2\/pages"}],"about":[{"href":"https:\/\/es-clinic.be\/fr\/wp-json\/wp\/v2\/types\/page"}],"author":[{"embeddable":true,"href":"https:\/\/es-clinic.be\/fr\/wp-json\/wp\/v2\/users\/1"}],"replies":[{"embeddable":true,"href":"https:\/\/es-clinic.be\/fr\/wp-json\/wp\/v2\/comments?post=1106"}],"version-history":[{"count":41,"href":"https:\/\/es-clinic.be\/fr\/wp-json\/wp\/v2\/pages\/1106\/revisions"}],"predecessor-version":[{"id":2066,"href":"https:\/\/es-clinic.be\/fr\/wp-json\/wp\/v2\/pages\/1106\/revisions\/2066"}],"wp:attachment":[{"href":"https:\/\/es-clinic.be\/fr\/wp-json\/wp\/v2\/media?parent=1106"}],"curies":[{"name":"wp","href":"https:\/\/api.w.org\/{rel}","templated":true}]}}